{"id":113,"date":"2025-01-06T13:50:07","date_gmt":"2025-01-06T12:50:07","guid":{"rendered":"https:\/\/www.slsdz.pl\/?page_id=113"},"modified":"2026-03-03T08:50:07","modified_gmt":"2026-03-03T07:50:07","slug":"dokumenty-do-pobrania","status":"publish","type":"page","link":"https:\/\/www.slsdz.pl\/?page_id=113","title":{"rendered":"Dokumenty do pobrania"},"content":{"rendered":"<h2><strong><span style=\"color: #ff0000;\">Ankieta przedadopcyjna: <\/span><a href=\"https:\/\/tiny.pl\/cmm1b6xy\"><span style=\"color: #ff0000;\"><span style=\"color: #000000;\">https:\/\/tiny.pl\/cmm1b6xy<\/span><\/span><\/a><\/strong><\/h2>\n<div class='w3eden'><!-- WPDM Link Template: Default Template -->\n\n<div class=\"link-template-default card mb-2\">\n    <div class=\"card-body\">\n        <div class=\"media\">\n            <div class=\"mr-3 img-48\"><img decoding=\"async\" class=\"wpdm_icon\" alt=\"Ikonka\" src=\"https:\/\/www.slsdz.pl\/wp-content\/plugins\/download-manager\/assets\/file-type-icons\/pdf.svg\" \/><\/div>\n            <div class=\"media-body\">\n                <h3 class=\"package-title\"><a href='https:\/\/www.slsdz.pl\/?wpdmpro=umowa-adopcyjna-2026'>Umowa adopcyjna 2026<\/a><\/h3>\n                <div class=\"text-muted text-small\"><i class=\"fas fa-copy\"><\/i> 1 plik(i) <i class=\"fas fa-hdd ml-3\"><\/i> 0.19 KB<\/div>\n            <\/div>\n            <div class=\"ml-3\">\n                <a class='wpdm-download-link download-on-click btn btn-primary ' rel='nofollow' href='#' data-downloadurl=\"https:\/\/www.slsdz.pl\/?wpdmpro=umowa-adopcyjna-2026&wpdmdl=1600&refresh=69f0a48050b2b1777378432\">Pobierz<\/a>\n            <\/div>\n        <\/div>\n    <\/div>\n<\/div>\n\n<\/div>\n<div class='w3eden'><!-- WPDM Link Template: Default Template -->\n\n<div class=\"link-template-default card mb-2\">\n    <div class=\"card-body\">\n        <div class=\"media\">\n            <div class=\"mr-3 img-48\"><img decoding=\"async\" class=\"wpdm_icon\" alt=\"Ikonka\" src=\"https:\/\/www.slsdz.pl\/wp-content\/plugins\/download-manager\/assets\/file-type-icons\/pdf.svg\" \/><\/div>\n            <div class=\"media-body\">\n                <h3 class=\"package-title\"><a href='https:\/\/www.slsdz.pl\/?wpdmpro=deklaracja-czlonkostwa'>Deklaracja cz\u0142onkostwa<\/a><\/h3>\n                <div class=\"text-muted text-small\"><i class=\"fas fa-copy\"><\/i> 1 plik(i) <i class=\"fas fa-hdd ml-3\"><\/i> 122.87 KB<\/div>\n            <\/div>\n            <div class=\"ml-3\">\n                <a class='wpdm-download-link download-on-click btn btn-primary ' rel='nofollow' href='#' data-downloadurl=\"https:\/\/www.slsdz.pl\/?wpdmpro=deklaracja-czlonkostwa&wpdmdl=235&refresh=69f0a48055b311777378432\">Pobierz<\/a>\n            <\/div>\n        <\/div>\n    <\/div>\n<\/div>\n\n<\/div>\n<div class='w3eden'><!-- WPDM Link Template: Default Template -->\n\n<div class=\"link-template-default card mb-2\">\n    <div class=\"card-body\">\n        <div class=\"media\">\n            <div class=\"mr-3 img-48\"><img decoding=\"async\" class=\"wpdm_icon\" alt=\"Ikonka\" src=\"https:\/\/www.slsdz.pl\/wp-content\/plugins\/download-manager\/assets\/file-type-icons\/pdf.svg\" \/><\/div>\n            <div class=\"media-body\">\n                <h3 class=\"package-title\"><a href='https:\/\/www.slsdz.pl\/?wpdmpro=statut-stowarzyszenia'>Statut Stowarzyszenia<\/a><\/h3>\n                <div class=\"text-muted text-small\"><i class=\"fas fa-copy\"><\/i> 1 plik(i) <i class=\"fas fa-hdd ml-3\"><\/i> 162.52 KB<\/div>\n            <\/div>\n            <div class=\"ml-3\">\n                <a class='wpdm-download-link download-on-click btn btn-primary ' rel='nofollow' href='#' data-downloadurl=\"https:\/\/www.slsdz.pl\/?wpdmpro=statut-stowarzyszenia&wpdmdl=237&refresh=69f0a48057e6e1777378432\">Pobierz<\/a>\n            <\/div>\n        <\/div>\n    <\/div>\n<\/div>\n\n<\/div>\n<div class='w3eden'><!-- WPDM Link Template: Default Template -->\n\n<div class=\"link-template-default card mb-2\">\n    <div class=\"card-body\">\n        <div class=\"media\">\n            <div class=\"mr-3 img-48\"><img decoding=\"async\" class=\"wpdm_icon\" alt=\"Ikonka\" src=\"https:\/\/www.slsdz.pl\/wp-content\/plugins\/download-manager\/assets\/file-type-icons\/pdf.svg\" \/><\/div>\n            <div class=\"media-body\">\n                <h3 class=\"package-title\"><a href='https:\/\/www.slsdz.pl\/?wpdmpro=uchwala-w-sprawie-oplatnosci-skladek-czlonkowskich'>Uchwa\u0142a w sprawie op\u0142atno\u015bci sk\u0142adek cz\u0142onkowskich<\/a><\/h3>\n                <div class=\"text-muted text-small\"><i class=\"fas fa-copy\"><\/i> 1 plik(i) <i class=\"fas fa-hdd ml-3\"><\/i> 155.56 KB<\/div>\n            <\/div>\n            <div class=\"ml-3\">\n                <a class='wpdm-download-link download-on-click btn btn-primary ' rel='nofollow' href='#' data-downloadurl=\"https:\/\/www.slsdz.pl\/?wpdmpro=uchwala-w-sprawie-oplatnosci-skladek-czlonkowskich&wpdmdl=238&refresh=69f0a4805a3ed1777378432\">Pobierz<\/a>\n            <\/div>\n        <\/div>\n    <\/div>\n<\/div>\n\n<\/div>\n<p>&nbsp;<\/p>\n<p>&nbsp;<\/p>\n<p>&nbsp;<\/p>\n","protected":false},"excerpt":{"rendered":"<p>Ankieta przedadopcyjna: https:\/\/tiny.pl\/cmm1b6xy &nbsp; &nbsp; &nbsp;<\/p>\n","protected":false},"author":1,"featured_media":0,"parent":0,"menu_order":0,"comment_status":"closed","ping_status":"closed","template":"","meta":{"footnotes":""},"class_list":["post-113","page","type-page","status-publish","hentry"],"yoast_head":"<!-- This site is optimized with the Yoast SEO plugin v26.0 - https:\/\/yoast.com\/wordpress\/plugins\/seo\/ -->\n<title>Dokumenty do pobrania - Lubaczowskie Serce dla Zwierz\u0105t<\/title>\n<meta name=\"robots\" content=\"index, follow, max-snippet:-1, max-image-preview:large, max-video-preview:-1\" \/>\n<link rel=\"canonical\" href=\"https:\/\/www.slsdz.pl\/?page_id=113\" \/>\n<meta property=\"og:locale\" content=\"pl_PL\" \/>\n<meta property=\"og:type\" content=\"article\" \/>\n<meta property=\"og:title\" content=\"Dokumenty do pobrania - Lubaczowskie Serce dla Zwierz\u0105t\" \/>\n<meta property=\"og:description\" content=\"Ankieta przedadopcyjna: https:\/\/tiny.pl\/cmm1b6xy &nbsp; &nbsp; &nbsp;\" \/>\n<meta property=\"og:url\" content=\"https:\/\/www.slsdz.pl\/?page_id=113\" \/>\n<meta property=\"og:site_name\" content=\"Lubaczowskie Serce dla Zwierz\u0105t\" \/>\n<meta property=\"article:modified_time\" content=\"2026-03-03T07:50:07+00:00\" \/>\n<meta name=\"twitter:card\" content=\"summary_large_image\" \/>\n<meta name=\"twitter:label1\" content=\"Szacowany czas czytania\" \/>\n\t<meta name=\"twitter:data1\" content=\"1 minuta\" \/>\n<script type=\"application\/ld+json\" class=\"yoast-schema-graph\">{\"@context\":\"https:\/\/schema.org\",\"@graph\":[{\"@type\":\"WebPage\",\"@id\":\"https:\/\/www.slsdz.pl\/?page_id=113\",\"url\":\"https:\/\/www.slsdz.pl\/?page_id=113\",\"name\":\"Dokumenty do pobrania - Lubaczowskie Serce dla Zwierz\u0105t\",\"isPartOf\":{\"@id\":\"https:\/\/www.slsdz.pl\/#website\"},\"datePublished\":\"2025-01-06T12:50:07+00:00\",\"dateModified\":\"2026-03-03T07:50:07+00:00\",\"breadcrumb\":{\"@id\":\"https:\/\/www.slsdz.pl\/?page_id=113#breadcrumb\"},\"inLanguage\":\"pl-PL\",\"potentialAction\":[{\"@type\":\"ReadAction\",\"target\":[\"https:\/\/www.slsdz.pl\/?page_id=113\"]}]},{\"@type\":\"BreadcrumbList\",\"@id\":\"https:\/\/www.slsdz.pl\/?page_id=113#breadcrumb\",\"itemListElement\":[{\"@type\":\"ListItem\",\"position\":1,\"name\":\"Strona g\u0142\u00f3wna\",\"item\":\"https:\/\/www.slsdz.pl\/\"},{\"@type\":\"ListItem\",\"position\":2,\"name\":\"Dokumenty do pobrania\"}]},{\"@type\":\"WebSite\",\"@id\":\"https:\/\/www.slsdz.pl\/#website\",\"url\":\"https:\/\/www.slsdz.pl\/\",\"name\":\"Lubaczowskie Serce dla Zwierz\u0105t\",\"description\":\"Lubaczowskie Serce dla Zwierz\u0105t \",\"publisher\":{\"@id\":\"https:\/\/www.slsdz.pl\/#organization\"},\"potentialAction\":[{\"@type\":\"SearchAction\",\"target\":{\"@type\":\"EntryPoint\",\"urlTemplate\":\"https:\/\/www.slsdz.pl\/?s={search_term_string}\"},\"query-input\":{\"@type\":\"PropertyValueSpecification\",\"valueRequired\":true,\"valueName\":\"search_term_string\"}}],\"inLanguage\":\"pl-PL\"},{\"@type\":\"Organization\",\"@id\":\"https:\/\/www.slsdz.pl\/#organization\",\"name\":\"Lubaczowskie Serce dla Zwierz\u0105t\",\"url\":\"https:\/\/www.slsdz.pl\/\",\"logo\":{\"@type\":\"ImageObject\",\"inLanguage\":\"pl-PL\",\"@id\":\"https:\/\/www.slsdz.pl\/#\/schema\/logo\/image\/\",\"url\":\"https:\/\/www.slsdz.pl\/wp-content\/uploads\/2025\/01\/cropped-pelne_logo_do_www_kolor_1.png\",\"contentUrl\":\"https:\/\/www.slsdz.pl\/wp-content\/uploads\/2025\/01\/cropped-pelne_logo_do_www_kolor_1.png\",\"width\":240,\"height\":180,\"caption\":\"Lubaczowskie Serce dla Zwierz\u0105t \"},\"image\":{\"@id\":\"https:\/\/www.slsdz.pl\/#\/schema\/logo\/image\/\"}}]}<\/script>\n<!-- \/ Yoast SEO plugin. -->","yoast_head_json":{"title":"Dokumenty do pobrania - Lubaczowskie Serce dla Zwierz\u0105t","robots":{"index":"index","follow":"follow","max-snippet":"max-snippet:-1","max-image-preview":"max-image-preview:large","max-video-preview":"max-video-preview:-1"},"canonical":"https:\/\/www.slsdz.pl\/?page_id=113","og_locale":"pl_PL","og_type":"article","og_title":"Dokumenty do pobrania - Lubaczowskie Serce dla Zwierz\u0105t","og_description":"Ankieta przedadopcyjna: https:\/\/tiny.pl\/cmm1b6xy &nbsp; &nbsp; &nbsp;","og_url":"https:\/\/www.slsdz.pl\/?page_id=113","og_site_name":"Lubaczowskie Serce dla Zwierz\u0105t","article_modified_time":"2026-03-03T07:50:07+00:00","twitter_card":"summary_large_image","twitter_misc":{"Szacowany czas czytania":"1 minuta"},"schema":{"@context":"https:\/\/schema.org","@graph":[{"@type":"WebPage","@id":"https:\/\/www.slsdz.pl\/?page_id=113","url":"https:\/\/www.slsdz.pl\/?page_id=113","name":"Dokumenty do pobrania - Lubaczowskie Serce dla Zwierz\u0105t","isPartOf":{"@id":"https:\/\/www.slsdz.pl\/#website"},"datePublished":"2025-01-06T12:50:07+00:00","dateModified":"2026-03-03T07:50:07+00:00","breadcrumb":{"@id":"https:\/\/www.slsdz.pl\/?page_id=113#breadcrumb"},"inLanguage":"pl-PL","potentialAction":[{"@type":"ReadAction","target":["https:\/\/www.slsdz.pl\/?page_id=113"]}]},{"@type":"BreadcrumbList","@id":"https:\/\/www.slsdz.pl\/?page_id=113#breadcrumb","itemListElement":[{"@type":"ListItem","position":1,"name":"Strona g\u0142\u00f3wna","item":"https:\/\/www.slsdz.pl\/"},{"@type":"ListItem","position":2,"name":"Dokumenty do pobrania"}]},{"@type":"WebSite","@id":"https:\/\/www.slsdz.pl\/#website","url":"https:\/\/www.slsdz.pl\/","name":"Lubaczowskie Serce dla Zwierz\u0105t","description":"Lubaczowskie Serce dla Zwierz\u0105t ","publisher":{"@id":"https:\/\/www.slsdz.pl\/#organization"},"potentialAction":[{"@type":"SearchAction","target":{"@type":"EntryPoint","urlTemplate":"https:\/\/www.slsdz.pl\/?s={search_term_string}"},"query-input":{"@type":"PropertyValueSpecification","valueRequired":true,"valueName":"search_term_string"}}],"inLanguage":"pl-PL"},{"@type":"Organization","@id":"https:\/\/www.slsdz.pl\/#organization","name":"Lubaczowskie Serce dla Zwierz\u0105t","url":"https:\/\/www.slsdz.pl\/","logo":{"@type":"ImageObject","inLanguage":"pl-PL","@id":"https:\/\/www.slsdz.pl\/#\/schema\/logo\/image\/","url":"https:\/\/www.slsdz.pl\/wp-content\/uploads\/2025\/01\/cropped-pelne_logo_do_www_kolor_1.png","contentUrl":"https:\/\/www.slsdz.pl\/wp-content\/uploads\/2025\/01\/cropped-pelne_logo_do_www_kolor_1.png","width":240,"height":180,"caption":"Lubaczowskie Serce dla Zwierz\u0105t "},"image":{"@id":"https:\/\/www.slsdz.pl\/#\/schema\/logo\/image\/"}}]}},"_links":{"self":[{"href":"https:\/\/www.slsdz.pl\/index.php?rest_route=\/wp\/v2\/pages\/113","targetHints":{"allow":["GET"]}}],"collection":[{"href":"https:\/\/www.slsdz.pl\/index.php?rest_route=\/wp\/v2\/pages"}],"about":[{"href":"https:\/\/www.slsdz.pl\/index.php?rest_route=\/wp\/v2\/types\/page"}],"author":[{"embeddable":true,"href":"https:\/\/www.slsdz.pl\/index.php?rest_route=\/wp\/v2\/users\/1"}],"replies":[{"embeddable":true,"href":"https:\/\/www.slsdz.pl\/index.php?rest_route=%2Fwp%2Fv2%2Fcomments&post=113"}],"version-history":[{"count":11,"href":"https:\/\/www.slsdz.pl\/index.php?rest_route=\/wp\/v2\/pages\/113\/revisions"}],"predecessor-version":[{"id":1603,"href":"https:\/\/www.slsdz.pl\/index.php?rest_route=\/wp\/v2\/pages\/113\/revisions\/1603"}],"wp:attachment":[{"href":"https:\/\/www.slsdz.pl\/index.php?rest_route=%2Fwp%2Fv2%2Fmedia&parent=113"}],"curies":[{"name":"wp","href":"https:\/\/api.w.org\/{rel}","templated":true}]}}